{"id":489,"date":"2020-04-12T13:49:19","date_gmt":"2020-04-12T11:49:19","guid":{"rendered":"https:\/\/www.griffkraft-magazin.de\/?page_id=489"},"modified":"2022-05-16T17:25:34","modified_gmt":"2022-05-16T15:25:34","slug":"herzlich-willkommen","status":"publish","type":"page","link":"https:\/\/www.griffkraft-magazin.de\/","title":{"rendered":"Griffkraft &#8211; All about climbing"},"content":{"rendered":"\t\t<div data-elementor-type=\"wp-page\" data-elementor-id=\"489\" class=\"elementor elementor-489\" data-elementor-settings=\"[]\">\n\t\t\t\t\t\t<div class=\"elementor-inner\">\n\t\t\t\t\t\t\t<div class=\"elementor-section-wrap\">\n\t\t\t\t\t\t\t<section class=\"elementor-section elementor-top-section elementor-element elementor-element-2c3748b5 elementor-section-boxed elementor-section-height-default elementor-section-height-default\" data-id=\"2c3748b5\" data-element_type=\"section\">\n\t\t\t\t\t\t<div class=\"elementor-container elementor-column-gap-default\">\n\t\t\t\t\t\t\t<div class=\"elementor-row\">\n\t\t\t\t\t<div class=\"elementor-column elementor-col-100 elementor-top-column elementor-element elementor-element-7f3269e\" data-id=\"7f3269e\" data-element_type=\"column\">\n\t\t\t<div class=\"elementor-column-wrap elementor-element-populated\">\n\t\t\t\t\t\t\t<div class=\"elementor-widget-wrap\">\n\t\t\t\t\t\t<div class=\"elementor-element elementor-element-ee3c3cd elementor-widget elementor-widget-text-editor\" data-id=\"ee3c3cd\" data-element_type=\"widget\" data-widget_type=\"text-editor.default\">\n\t\t\t\t<div class=\"elementor-widget-container\">\n\t\t\t\t\t<div class=\"elementor-text-editor elementor-clearfix\"><p>Hallo und Herzlich Willkommen<\/p>\n<p>auf unserer brandneuen Seite rund um das Thema Klettern.<\/p>\n<p>Wir m\u00f6chten hier unser Wissen und Erfahrungen \u00fcbers Bouldern, Sportklettern, Hallen, Klettergebiete, Equipment und anderen Produkten mit Euch teilen.<\/p>\n<p>Wir hoffen Euch immer interessante und informative Beitr\u00e4ge liefern zu k\u00f6nnen.<\/p>\n<p>Bei Fragen, Vorschl\u00e4gen, Hinweisen, Bemerkungen, Lob und Kritik k\u00f6nnt ihr uns gerne einen Kommentar hinterlassen.<\/p>\n<p><!-- wp:paragraph --><\/p>\n<p><!-- \/wp:paragraph --><\/p><\/div>\n\t\t\t\t<\/div>\n\t\t\t\t<\/div>\n\t\t\t\t\t\t<\/div>\n\t\t\t\t\t<\/div>\n\t\t<\/div>\n\t\t\t\t\t\t\t\t<\/div>\n\t\t\t\t\t<\/div>\n\t\t<\/section>\n\t\t\t\t\t\t<\/div>\n\t\t\t\t\t\t<\/div>\n\t\t\t\t\t<\/div>\n\t\t","protected":false},"excerpt":{"rendered":"<p>Hallo und Herzlich Willkommen auf unserer brandneuen Seite rund um das Thema Klettern. Wir m\u00f6chten hier unser Wissen und Erfahrungen \u00fcbers Bouldern, Sportklettern, Hallen, Klettergebiete, Equipment und anderen Produkten mit Euch teilen. Wir hoffen Euch immer interessante und informative Beitr\u00e4ge liefern zu k\u00f6nnen. Bei Fragen, Vorschl\u00e4gen, Hinweisen, Bemerkungen, Lob und Kritik k\u00f6nnt ihr uns gerneContinue reading &rarr;<\/p>\n","protected":false},"author":3,"featured_media":0,"parent":0,"menu_order":0,"comment_status":"closed","ping_status":"closed","template":"elementor_header_footer","meta":[],"_links":{"self":[{"href":"https:\/\/www.griffkraft-magazin.de\/index.php?rest_route=\/wp\/v2\/pages\/489"}],"collection":[{"href":"https:\/\/www.griffkraft-magazin.de\/index.php?rest_route=\/wp\/v2\/pages"}],"about":[{"href":"https:\/\/www.griffkraft-magazin.de\/index.php?rest_route=\/wp\/v2\/types\/page"}],"author":[{"embeddable":true,"href":"https:\/\/www.griffkraft-magazin.de\/index.php?rest_route=\/wp\/v2\/users\/3"}],"replies":[{"embeddable":true,"href":"https:\/\/www.griffkraft-magazin.de\/index.php?rest_route=%2Fwp%2Fv2%2Fcomments&post=489"}],"version-history":[{"count":16,"href":"https:\/\/www.griffkraft-magazin.de\/index.php?rest_route=\/wp\/v2\/pages\/489\/revisions"}],"predecessor-version":[{"id":1386,"href":"https:\/\/www.griffkraft-magazin.de\/index.php?rest_route=\/wp\/v2\/pages\/489\/revisions\/1386"}],"wp:attachment":[{"href":"https:\/\/www.griffkraft-magazin.de\/index.php?rest_route=%2Fwp%2Fv2%2Fmedia&parent=489"}],"curies":[{"name":"wp","href":"https:\/\/api.w.org\/{rel}","templated":true}]}}