{"id":293,"date":"2020-03-26T23:26:47","date_gmt":"2020-03-26T22:26:47","guid":{"rendered":"https:\/\/www.griffkraft-magazin.de\/?page_id=293"},"modified":"2022-05-16T17:00:35","modified_gmt":"2022-05-16T15:00:35","slug":"schuhe","status":"publish","type":"page","link":"https:\/\/www.griffkraft-magazin.de\/?page_id=293","title":{"rendered":"Schuhe"},"content":{"rendered":"\t\t<div data-elementor-type=\"wp-page\" data-elementor-id=\"293\" class=\"elementor elementor-293\" data-elementor-settings=\"[]\">\n\t\t\t\t\t\t<div class=\"elementor-inner\">\n\t\t\t\t\t\t\t<div class=\"elementor-section-wrap\">\n\t\t\t\t\t\t\t<section class=\"elementor-section elementor-top-section elementor-element elementor-element-5ae20df elementor-section-boxed elementor-section-height-default elementor-section-height-default\" data-id=\"5ae20df\" data-element_type=\"section\">\n\t\t\t\t\t\t<div class=\"elementor-container elementor-column-gap-default\">\n\t\t\t\t\t\t\t<div class=\"elementor-row\">\n\t\t\t\t\t<div class=\"elementor-column elementor-col-100 elementor-top-column elementor-element elementor-element-e53597a\" data-id=\"e53597a\" data-element_type=\"column\">\n\t\t\t<div class=\"elementor-column-wrap elementor-element-populated\">\n\t\t\t\t\t\t\t<div class=\"elementor-widget-wrap\">\n\t\t\t\t\t\t<div class=\"elementor-element elementor-element-54900f5 elementor-widget elementor-widget-image\" data-id=\"54900f5\" data-element_type=\"widget\" data-widget_type=\"image.default\">\n\t\t\t\t<div class=\"elementor-widget-container\">\n\t\t\t\t\t<div class=\"elementor-image\">\n\t\t\t\t\t\t\t\t\t\t<img width=\"919\" height=\"1024\" src=\"https:\/\/www.griffkraft-magazin.de\/wp-content\/uploads\/2020\/04\/schuhe-2-919x1024.jpg\" class=\"attachment-large size-large\" alt=\"\" srcset=\"https:\/\/www.griffkraft-magazin.de\/wp-content\/uploads\/2020\/04\/schuhe-2-919x1024.jpg 919w, https:\/\/www.griffkraft-magazin.de\/wp-content\/uploads\/2020\/04\/schuhe-2-269x300.jpg 269w, https:\/\/www.griffkraft-magazin.de\/wp-content\/uploads\/2020\/04\/schuhe-2-135x150.jpg 135w, https:\/\/www.griffkraft-magazin.de\/wp-content\/uploads\/2020\/04\/schuhe-2-768x856.jpg 768w, https:\/\/www.griffkraft-magazin.de\/wp-content\/uploads\/2020\/04\/schuhe-2.jpg 1193w\" sizes=\"(max-width: 919px) 100vw, 919px\" \/>\t\t\t\t\t\t\t\t\t\t\t<\/div>\n\t\t\t\t<\/div>\n\t\t\t\t<\/div>\n\t\t\t\t\t\t<\/div>\n\t\t\t\t\t<\/div>\n\t\t<\/div>\n\t\t\t\t\t\t\t\t<\/div>\n\t\t\t\t\t<\/div>\n\t\t<\/section>\n\t\t\t\t<section class=\"elementor-section elementor-top-section elementor-element elementor-element-111df07 elementor-section-boxed elementor-section-height-default elementor-section-height-default\" data-id=\"111df07\" data-element_type=\"section\">\n\t\t\t\t\t\t<div class=\"elementor-container elementor-column-gap-default\">\n\t\t\t\t\t\t\t<div class=\"elementor-row\">\n\t\t\t\t\t<div class=\"elementor-column elementor-col-100 elementor-top-column elementor-element elementor-element-65e1ce14\" data-id=\"65e1ce14\" data-element_type=\"column\">\n\t\t\t<div class=\"elementor-column-wrap elementor-element-populated\">\n\t\t\t\t\t\t\t<div class=\"elementor-widget-wrap\">\n\t\t\t\t\t\t<div class=\"elementor-element elementor-element-22906f33 elementor-widget elementor-widget-text-editor\" data-id=\"22906f33\" data-element_type=\"widget\" data-widget_type=\"text-editor.default\">\n\t\t\t\t<div class=\"elementor-widget-container\">\n\t\t\t\t\t<div class=\"elementor-text-editor elementor-clearfix\"><p><!-- wp:image {\"align\":\"center\",\"id\":412,\"width\":587,\"height\":654,\"sizeSlug\":\"large\"} --><\/p>\n<p><!-- \/wp:image --><\/p>\n<p>Kletterschuhe sind eine sehr individuelle Angelegenheit.<\/p>\n<p>Hier muss man als erstes \u00fcberlegen: Was f\u00fcr eine Art von Kletterer bin ich?<\/p>\n<p>Welchen Zweck sollen die Schuhe erf\u00fcllen? Bin ich Anf\u00e4nger oder schon ein fortgeschrittener Kletterer?<\/p>\n<p>M\u00f6chte ich kurze Routen mit sehr kleinen Leisten erklimmen oder evtl. gar Mehrseill\u00e4ngen?<\/p>\n<p>Soll der Schuh eher &#8222;bequem&#8220; sein oder doch lieber aggressiv?<\/p>\n<p>Auf den folgenden Seiten m\u00f6chten wir euch die Schuhe vorstellen, mit denen wir bereits Erfahrungen gemacht haben und die Pros und Contras erl\u00e4utern.<\/p>\n<p><!-- wp:paragraph --><\/p>\n<p><!-- \/wp:paragraph --><\/p>\n<p>\u00a0<\/p>\n<p><!-- wp:paragraph --><\/p>\n<p><!-- \/wp:paragraph --><\/p><\/div>\n\t\t\t\t<\/div>\n\t\t\t\t<\/div>\n\t\t\t\t\t\t<\/div>\n\t\t\t\t\t<\/div>\n\t\t<\/div>\n\t\t\t\t\t\t\t\t<\/div>\n\t\t\t\t\t<\/div>\n\t\t<\/section>\n\t\t\t\t<section class=\"elementor-section elementor-top-section elementor-element elementor-element-6873373 elementor-section-boxed elementor-section-height-default elementor-section-height-default\" data-id=\"6873373\" data-element_type=\"section\">\n\t\t\t\t\t\t<div class=\"elementor-container elementor-column-gap-default\">\n\t\t\t\t\t\t\t<div class=\"elementor-row\">\n\t\t\t\t\t<div class=\"elementor-column elementor-col-100 elementor-top-column elementor-element elementor-element-c114d4c\" data-id=\"c114d4c\" data-element_type=\"column\">\n\t\t\t<div class=\"elementor-column-wrap elementor-element-populated\">\n\t\t\t\t\t\t\t<div class=\"elementor-widget-wrap\">\n\t\t\t\t\t\t<div class=\"elementor-element elementor-element-37004ef animated-slow elementor-widget__width-auto elementor-absolute elementor-invisible elementor-widget elementor-widget-button\" data-id=\"37004ef\" data-element_type=\"widget\" data-settings=\"{&quot;_animation&quot;:&quot;slideInUp&quot;,&quot;_animation_delay&quot;:0,&quot;_position&quot;:&quot;absolute&quot;}\" data-widget_type=\"button.default\">\n\t\t\t\t<div class=\"elementor-widget-container\">\n\t\t\t\t\t<div class=\"elementor-button-wrapper\">\n\t\t\t<a href=\"https:\/\/www.griffkraft-magazin.de\/?p=309\" target=\"_blank\" class=\"elementor-button-link elementor-button elementor-size-md elementor-animation-grow\" role=\"button\">\n\t\t\t\t\t\t<span class=\"elementor-button-content-wrapper\">\n\t\t\t\t\t\t<span class=\"elementor-button-icon elementor-align-icon-left\">\n\t\t\t\t<i aria-hidden=\"true\" class=\"fas fa-venus\"><\/i>\t\t\t<\/span>\n\t\t\t\t\t\t<span class=\"elementor-button-text\">Damen <\/span>\n\t\t<\/span>\n\t\t\t\t\t<\/a>\n\t\t<\/div>\n\t\t\t\t<\/div>\n\t\t\t\t<\/div>\n\t\t\t\t\t\t<\/div>\n\t\t\t\t\t<\/div>\n\t\t<\/div>\n\t\t\t\t\t\t\t\t<\/div>\n\t\t\t\t\t<\/div>\n\t\t<\/section>\n\t\t\t\t<section class=\"elementor-section elementor-top-section elementor-element elementor-element-cde23d0 elementor-section-boxed elementor-section-height-default elementor-section-height-default\" data-id=\"cde23d0\" data-element_type=\"section\">\n\t\t\t\t\t\t<div class=\"elementor-container elementor-column-gap-default\">\n\t\t\t\t\t\t\t<div class=\"elementor-row\">\n\t\t\t\t\t<div class=\"elementor-column elementor-col-100 elementor-top-column elementor-element elementor-element-2e24fe7\" data-id=\"2e24fe7\" data-element_type=\"column\">\n\t\t\t<div class=\"elementor-column-wrap elementor-element-populated\">\n\t\t\t\t\t\t\t<div class=\"elementor-widget-wrap\">\n\t\t\t\t\t\t<div class=\"elementor-element elementor-element-095ed47 animated-slow elementor-widget__width-auto elementor-absolute elementor-invisible elementor-widget elementor-widget-button\" data-id=\"095ed47\" data-element_type=\"widget\" data-settings=\"{&quot;_animation&quot;:&quot;slideInUp&quot;,&quot;_animation_delay&quot;:1000,&quot;_position&quot;:&quot;absolute&quot;}\" data-widget_type=\"button.default\">\n\t\t\t\t<div class=\"elementor-widget-container\">\n\t\t\t\t\t<div class=\"elementor-button-wrapper\">\n\t\t\t<a href=\"https:\/\/www.griffkraft-magazin.de\/?p=575\" class=\"elementor-button-link elementor-button elementor-size-md elementor-animation-grow\" role=\"button\">\n\t\t\t\t\t\t<span class=\"elementor-button-content-wrapper\">\n\t\t\t\t\t\t<span class=\"elementor-button-icon elementor-align-icon-left\">\n\t\t\t\t<i aria-hidden=\"true\" class=\"fas fa-mars\"><\/i>\t\t\t<\/span>\n\t\t\t\t\t\t<span class=\"elementor-button-text\">Herren <\/span>\n\t\t<\/span>\n\t\t\t\t\t<\/a>\n\t\t<\/div>\n\t\t\t\t<\/div>\n\t\t\t\t<\/div>\n\t\t\t\t\t\t<\/div>\n\t\t\t\t\t<\/div>\n\t\t<\/div>\n\t\t\t\t\t\t\t\t<\/div>\n\t\t\t\t\t<\/div>\n\t\t<\/section>\n\t\t\t\t\t\t<\/div>\n\t\t\t\t\t\t<\/div>\n\t\t\t\t\t<\/div>\n\t\t","protected":false},"excerpt":{"rendered":"<p>Kletterschuhe sind eine sehr individuelle Angelegenheit. Hier muss man als erstes \u00fcberlegen: Was f\u00fcr eine Art von Kletterer bin ich? Welchen Zweck sollen die Schuhe erf\u00fcllen? Bin ich Anf\u00e4nger oder schon ein fortgeschrittener Kletterer? M\u00f6chte ich kurze Routen mit sehr kleinen Leisten erklimmen oder evtl. gar Mehrseill\u00e4ngen? Soll der Schuh eher &#8222;bequem&#8220; sein oder dochContinue reading &rarr;<\/p>\n","protected":false},"author":2,"featured_media":0,"parent":0,"menu_order":0,"comment_status":"closed","ping_status":"closed","template":"","meta":[],"_links":{"self":[{"href":"https:\/\/www.griffkraft-magazin.de\/index.php?rest_route=\/wp\/v2\/pages\/293"}],"collection":[{"href":"https:\/\/www.griffkraft-magazin.de\/index.php?rest_route=\/wp\/v2\/pages"}],"about":[{"href":"https:\/\/www.griffkraft-magazin.de\/index.php?rest_route=\/wp\/v2\/types\/page"}],"author":[{"embeddable":true,"href":"https:\/\/www.griffkraft-magazin.de\/index.php?rest_route=\/wp\/v2\/users\/2"}],"replies":[{"embeddable":true,"href":"https:\/\/www.griffkraft-magazin.de\/index.php?rest_route=%2Fwp%2Fv2%2Fcomments&post=293"}],"version-history":[{"count":39,"href":"https:\/\/www.griffkraft-magazin.de\/index.php?rest_route=\/wp\/v2\/pages\/293\/revisions"}],"predecessor-version":[{"id":1372,"href":"https:\/\/www.griffkraft-magazin.de\/index.php?rest_route=\/wp\/v2\/pages\/293\/revisions\/1372"}],"wp:attachment":[{"href":"https:\/\/www.griffkraft-magazin.de\/index.php?rest_route=%2Fwp%2Fv2%2Fmedia&parent=293"}],"curies":[{"name":"wp","href":"https:\/\/api.w.org\/{rel}","templated":true}]}}